{"id":536,"date":"2021-02-05T23:15:08","date_gmt":"2021-02-05T23:15:08","guid":{"rendered":"https:\/\/clairelitzler.com\/?post_type=product&#038;p=536"},"modified":"2022-03-17T17:57:52","modified_gmt":"2022-03-17T17:57:52","slug":"de-lombre-a-la-lumiere-cd-telechargement","status":"publish","type":"product","link":"https:\/\/clairelitzler.com\/?product=de-lombre-a-la-lumiere-cd-telechargement","title":{"rendered":"De l&rsquo;Ombre \u00e0 la Lumi\u00e8re (T\u00e9l\u00e9chargement)"},"content":{"rendered":"<p><strong>Formats disponibles<\/strong> :<\/p>\n<p>MP3, FLAC, ALAC (Apple Lossless), AAC, Ogg Vorbis, WAV ou AIFF.<\/p>\n<p>Le paiement effectu\u00e9, vous allez recevoir un mail de commande termin\u00e9e incluant les liens de t\u00e9l\u00e9chargement. Vous avez la possibilit\u00e9 de t\u00e9l\u00e9charger un exemplaire de l&rsquo;album dans tous les formats propos\u00e9s.<\/p>\n<p>Vous pouvez \u00e9galement retrouver vos liens de t\u00e9l\u00e9chargements dans la rubrique t\u00e9l\u00e9chargements dans <a href=\"https:\/\/clairelitzler.com\/?page_id=15\" target=\"_blank\" rel=\"noopener\">mon compte<\/a>\u00a0.<\/p>\n<p class=\"article-title\" title=\"Quel format dois-je t\u00e9l\u00e9charger\u202f?\"><strong>Quel format dois-je t\u00e9l\u00e9charger\u202f?<\/strong><\/p>\n<p>Le format de t\u00e9l\u00e9chargement par d\u00e9faut est MP3, et c\u2019est probablement ce que vous voudrez utiliser. Ces fichiers se lisent tr\u00e8s bien avec iTunes, Windows Media Player, votre t\u00e9l\u00e9phone iPhone\/Android, etc. Ils comprennent la pochette de l\u2019album (image de qualit\u00e9), les noms des musiciens et les titres exacts des pistes et, lorsque c\u2019est possible, les paroles de chansons. Nos fichiers MP3 se servent d\u2019un codage \u00e0 d\u00e9bit binaire variable (VBR) qui r\u00e9duit la taille des fichiers tout en conservant la plus haute qualit\u00e9. Vous pouvez ainsi les t\u00e9l\u00e9charger plus rapidement et conserver plus de chansons \u00e0 la mode sur votre iPhone.<\/p>\n<p>Vous pouvez aussi t\u00e9l\u00e9charger des fichiers de format FLAC, ALAC (Apple Lossless), AAC, Ogg Vorbis, WAV ou AIFF. Ces options sont destin\u00e9es, comme nous le disons dans l\u2019interface, \u00ab\u00a0aux audiophiles et aux accros de la techno\u00a0\u00bb. Si vous aspirez \u00e0 un de ces statuts, ce n\u2019est pas un mauvais <a href=\"https:\/\/fr.wikipedia.org\/wiki\/Format_de_fichier_audio\" target=\"_blank\" rel=\"noopener\">endroit<\/a> o\u00f9 commencer.<\/p>\n","protected":false},"excerpt":{"rendered":"<p>T\u00e9l\u00e9charger l&rsquo;album.<br \/>\nFormats disponibles : MP3, FLAC, ALAC (Apple Lossless), AAC, Ogg Vorbis, WAV ou AIFF.<\/p>\n","protected":false},"featured_media":75,"template":"","meta":[],"product_brand":[],"product_cat":[20],"product_tag":[],"class_list":{"0":"post-536","1":"product","2":"type-product","3":"status-publish","4":"has-post-thumbnail","6":"product_cat-telechargement","8":"first","9":"instock","10":"downloadable","11":"virtual","12":"sold-individually","13":"purchasable","14":"product-type-simple"},"jetpack_sharing_enabled":true,"_links":{"self":[{"href":"https:\/\/clairelitzler.com\/index.php?rest_route=\/wp\/v2\/product\/536","targetHints":{"allow":["GET"]}}],"collection":[{"href":"https:\/\/clairelitzler.com\/index.php?rest_route=\/wp\/v2\/product"}],"about":[{"href":"https:\/\/clairelitzler.com\/index.php?rest_route=\/wp\/v2\/types\/product"}],"wp:featuredmedia":[{"embeddable":true,"href":"https:\/\/clairelitzler.com\/index.php?rest_route=\/wp\/v2\/media\/75"}],"wp:attachment":[{"href":"https:\/\/clairelitzler.com\/index.php?rest_route=%2Fwp%2Fv2%2Fmedia&parent=536"}],"wp:term":[{"taxonomy":"product_brand","embeddable":true,"href":"https:\/\/clairelitzler.com\/index.php?rest_route=%2Fwp%2Fv2%2Fproduct_brand&post=536"},{"taxonomy":"product_cat","embeddable":true,"href":"https:\/\/clairelitzler.com\/index.php?rest_route=%2Fwp%2Fv2%2Fproduct_cat&post=536"},{"taxonomy":"product_tag","embeddable":true,"href":"https:\/\/clairelitzler.com\/index.php?rest_route=%2Fwp%2Fv2%2Fproduct_tag&post=536"}],"curies":[{"name":"wp","href":"https:\/\/api.w.org\/{rel}","templated":true}]}}