{"id":515,"date":"2021-02-05T17:26:36","date_gmt":"2021-02-05T17:26:36","guid":{"rendered":"https:\/\/clairelitzler.com\/?post_type=product&#038;p=515"},"modified":"2021-02-20T02:49:42","modified_gmt":"2021-02-20T02:49:42","slug":"de-lombre-a-la-lumiere-cd","status":"publish","type":"product","link":"https:\/\/clairelitzler.com\/?product=de-lombre-a-la-lumiere-cd","title":{"rendered":"De l&rsquo;Ombre \u00e0 la Lumi\u00e8re CD"},"content":{"rendered":"<div  class='flex_column av-dlunp-34c41c98a057f9039cab78ac6586148d av_one_half  avia-builder-el-0  el_before_av_one_half  avia-builder-el-first  first flex_column_div  '     ><p>Piste :<\/p>\n<ol>\n<li>De l\u2019ombre \u00e0 la lumi\u00e8re<\/li>\n<li>Exister<\/li>\n<li>Forteresse<\/li>\n<li>Universe<\/li>\n<li>C\u2019est beau \u00e7a, le bonheur<\/li>\n<li>Solitude<\/li>\n<li>R\u00eaves d\u2019enfant<\/li>\n<li>Quoi<\/li>\n<li>Clair-obscur<\/li>\n<li>Goodbye<\/li>\n<\/ol><\/div>\n<div  class='flex_column av-aiw25-afbaf34914aec841b3b58bdc3dfd38d6 av_one_half  avia-builder-el-1  el_after_av_one_half  avia-builder-el-last  flex_column_div  '     ><p><strong>Musiciens<\/strong><br \/>\nClaire Litzler, <em>voix, vibraphone,<\/em> percussions<br \/>\nEmeric Kosty\u00e1k, <em>violoncelle<\/em><br \/>\nSt\u00e9phanie Meyer, <em>violoncelle<\/em><br \/>\nGa\u00eblle Lef\u00e8bvre, <em>violoncelle<\/em><br \/>\nAline Schnepp, <em>violoncelle<\/em><br \/>\nLucia Travella, <em>violoncelle<\/em><br \/>\nFranck Bedez, <em>contrebasse<\/em><br \/>\nAlexis Sereduik, <em>batterie<\/em><\/p>\n<p><strong>Enregistrement<br \/>\n<\/strong>Antony Bedez<br \/>\n14-17 juillet 2020 \u00e0 la Com\u00e8te de H\u00e9singue<\/p><\/div>\n","protected":false},"excerpt":{"rendered":"<p>Acheter le CD.<\/p>\n","protected":false},"featured_media":519,"template":"","meta":[],"product_brand":[],"product_cat":[19],"product_tag":[],"class_list":{"0":"post-515","1":"product","2":"type-product","3":"status-publish","4":"has-post-thumbnail","6":"product_cat-cd","8":"first","9":"instock","10":"shipping-taxable","11":"purchasable","12":"product-type-simple"},"jetpack_sharing_enabled":true,"_links":{"self":[{"href":"https:\/\/clairelitzler.com\/index.php?rest_route=\/wp\/v2\/product\/515","targetHints":{"allow":["GET"]}}],"collection":[{"href":"https:\/\/clairelitzler.com\/index.php?rest_route=\/wp\/v2\/product"}],"about":[{"href":"https:\/\/clairelitzler.com\/index.php?rest_route=\/wp\/v2\/types\/product"}],"wp:featuredmedia":[{"embeddable":true,"href":"https:\/\/clairelitzler.com\/index.php?rest_route=\/wp\/v2\/media\/519"}],"wp:attachment":[{"href":"https:\/\/clairelitzler.com\/index.php?rest_route=%2Fwp%2Fv2%2Fmedia&parent=515"}],"wp:term":[{"taxonomy":"product_brand","embeddable":true,"href":"https:\/\/clairelitzler.com\/index.php?rest_route=%2Fwp%2Fv2%2Fproduct_brand&post=515"},{"taxonomy":"product_cat","embeddable":true,"href":"https:\/\/clairelitzler.com\/index.php?rest_route=%2Fwp%2Fv2%2Fproduct_cat&post=515"},{"taxonomy":"product_tag","embeddable":true,"href":"https:\/\/clairelitzler.com\/index.php?rest_route=%2Fwp%2Fv2%2Fproduct_tag&post=515"}],"curies":[{"name":"wp","href":"https:\/\/api.w.org\/{rel}","templated":true}]}}