{"id":599,"date":"2021-02-07T12:20:57","date_gmt":"2021-02-07T12:20:57","guid":{"rendered":"https:\/\/clairelitzler.com\/?page_id=599"},"modified":"2025-05-04T13:45:51","modified_gmt":"2025-05-04T13:45:51","slug":"contact","status":"publish","type":"page","link":"https:\/\/clairelitzler.com\/?page_id=599","title":{"rendered":"Contact \/ Pro"},"content":{"rendered":"<div id='av_section_1'  class='avia-section av-17p7hr-4c5246ea8fa9e1d59d4cb02484a45114 alternate_color avia-section-default avia-no-border-styling  avia-builder-el-0  el_before_av_layout_row  avia-builder-el-first  avia-bg-style-scroll container_wrap sidebar_right'  ><div class='container av-section-cont-open' ><main  class='template-page content  av-content-small alpha units'><div class='post-entry post-entry-type-page post-entry-599'><div class='entry-content-wrapper clearfix'>\n\n<style type=\"text\/css\" data-created_by=\"avia_inline_auto\" id=\"style-css-av-dc89r-cca5f0b9e02993c85d212fe6a5687c4d\">\n#top .av-special-heading.av-dc89r-cca5f0b9e02993c85d212fe6a5687c4d{\npadding-bottom:40px;\n}\nbody .av-special-heading.av-dc89r-cca5f0b9e02993c85d212fe6a5687c4d .av-special-heading-tag .heading-char{\nfont-size:25px;\n}\n.av-special-heading.av-dc89r-cca5f0b9e02993c85d212fe6a5687c4d .av-subheading{\nfont-size:15px;\n}\n<\/style>\n<div  class='av-special-heading av-dc89r-cca5f0b9e02993c85d212fe6a5687c4d av-special-heading-h1 blockquote elegant-quote elegant-centered  avia-builder-el-1  el_before_av_one_half  avia-builder-el-first '><h1 class='av-special-heading-tag '  ><span class=\"heading-wrap\">Contact \/ Pro<\/span><\/h1><div class=\"special-heading-border\"><div class=\"special-heading-inner-border\"><\/div><\/div><\/div>\n\n<style type=\"text\/css\" data-created_by=\"avia_inline_auto\" id=\"style-css-av-78dx3-4f3b6266377597c0272e5dc66a1cd53e\">\n.flex_column.av-78dx3-4f3b6266377597c0272e5dc66a1cd53e{\nborder-radius:0px 0px 0px 0px;\npadding:0% 0% 0% 0%;\n}\n<\/style>\n<div  class='flex_column av-78dx3-4f3b6266377597c0272e5dc66a1cd53e av_one_half  avia-builder-el-2  el_after_av_heading  el_before_av_one_half  first flex_column_div av-zero-column-padding  '     ><p>\n<style type=\"text\/css\" data-created_by=\"avia_inline_auto\" id=\"style-css-av-kkv86z1p-a8a48b7a20ef4e8697a1499e9b157082\">\n.avia-image-container.av-kkv86z1p-a8a48b7a20ef4e8697a1499e9b157082 img.avia_image{\nbox-shadow:none;\n}\n.avia-image-container.av-kkv86z1p-a8a48b7a20ef4e8697a1499e9b157082 .av-image-caption-overlay-center{\ncolor:#ffffff;\n}\n<\/style>\n<div  class='avia-image-container av-kkv86z1p-a8a48b7a20ef4e8697a1499e9b157082 av-styling- avia-align-center  avia-builder-el-3  el_before_av_heading  avia-builder-el-first '  ><div class=\"avia-image-container-inner\"><div class=\"avia-image-overlay-wrap\"><img decoding=\"async\" fetchpriority=\"high\" class='wp-image-119 avia-img-lazy-loading-not-119 avia_image ' src=\"https:\/\/i0.wp.com\/clairelitzler.com\/wp-content\/uploads\/2021\/01\/51_resultat.jpg?fit=536%2C336&ssl=1\" alt='' title='51_resultat'  height=\"336\" width=\"536\" srcset=\"https:\/\/i0.wp.com\/clairelitzler.com\/wp-content\/uploads\/2021\/01\/51_resultat.jpg?w=536&amp;ssl=1 536w, https:\/\/i0.wp.com\/clairelitzler.com\/wp-content\/uploads\/2021\/01\/51_resultat.jpg?resize=300%2C188&amp;ssl=1 300w\" sizes=\"(max-width: 536px) 100vw, 536px\" \/><\/div><\/div><\/div><br \/>\n\n<style type=\"text\/css\" data-created_by=\"avia_inline_auto\" id=\"style-css-av-7qr6n-ddf5afa597a3f2957c70b27f3aa91d19\">\n#top .av-special-heading.av-7qr6n-ddf5afa597a3f2957c70b27f3aa91d19{\npadding-bottom:10px;\n}\nbody .av-special-heading.av-7qr6n-ddf5afa597a3f2957c70b27f3aa91d19 .av-special-heading-tag .heading-char{\nfont-size:25px;\ncolor:#2997ab;\npadding-bottom:10px;\n}\n.av-special-heading.av-7qr6n-ddf5afa597a3f2957c70b27f3aa91d19 .av-subheading{\nfont-size:15px;\n}\n<\/style>\n<div  class='av-special-heading av-7qr6n-ddf5afa597a3f2957c70b27f3aa91d19 av-special-heading-h3 custom-color-heading blockquote elegant-quote elegant-centered  avia-builder-el-4  el_after_av_image  el_before_av_textblock  av-icon'><h3 class='av-special-heading-tag '  ><span class='heading-char avia-font-flaticon' aria-hidden='true' data-av_icon='\uf105' data-av_iconfont='flaticon'><\/span><span class=\"heading-wrap\">Ecole de batterie et percussions<\/span><\/h3><div class='av-subheading av-subheading_below'><p>Claire Litzler<\/p>\n<\/div><div class=\"special-heading-border\"><div class=\"special-heading-inner-border\"><\/div><\/div><\/div><br \/>\n<section  class='av_textblock_section av-kkv70eq5-3240b26b71a2fad1cf9d1e5484013d1e '  ><div class='avia_textblock' ><div class=\"textwidget\" style=\"text-align: center;\">\n<p>5 rue de H\u00e9genheim<br \/>\n68220 Hagenthal le bas<\/p>\n<p>T\u00e9l. 07 68 32 02 64<\/p>\n<\/div>\n<\/div><\/section><\/p><\/div>\n<style type=\"text\/css\" data-created_by=\"avia_inline_auto\" id=\"style-css-av-e5ogf-273f1b18551f8cefef945f3fba24ed81\">\n.flex_column.av-e5ogf-273f1b18551f8cefef945f3fba24ed81{\nborder-radius:0px 0px 0px 0px;\npadding:0% 0% 0% 0%;\n}\n<\/style>\n<div  class='flex_column av-e5ogf-273f1b18551f8cefef945f3fba24ed81 av_one_half  avia-builder-el-6  el_after_av_one_half  avia-builder-el-last  flex_column_div av-zero-column-padding  '     ><form action=\"https:\/\/clairelitzler.com\/?page_id=599\" method=\"post\" data-fields-with-error=\"Erreurs trouv\u00e9es dans les champs suivants :\" class=\"avia_ajax_form av-form-labels-hidden   avia-builder-el-7  avia-builder-el-no-sibling   \" data-avia-form-id=\"1\" data-avia-redirect='' ><h3 class='text-align center'>Vous pouvez contacter Claire via cette mail box<\/h3><fieldset><p class='  first_form  form_element form_element_half' id='element_avia_1_1'><label for=\"avia_1_1\">Nom <abbr class=\"required\" title=\"requis(e)\">*<\/abbr><\/label> <input name=\"avia_1_1\" class=\"text_input is_empty\" type=\"text\" id=\"avia_1_1\" value=\"\"  placeholder='Nom*'\/><\/p><p class='  form_element form_element_half' id='element_avia_2_1'><label for=\"avia_2_1\">Pr\u00e9nom  <abbr class=\"required\" title=\"requis(e)\">*<\/abbr><\/label> <input name=\"avia_2_1\" class=\"text_input is_empty\" type=\"text\" id=\"avia_2_1\" value=\"\"  placeholder='Pr\u00e9nom *'\/><\/p><p class='  first_form  form_element form_element_half' id='element_avia_3_1'><label for=\"avia_3_1\">Adresse mail <abbr class=\"required\" title=\"requis(e)\">*<\/abbr><\/label> <input name=\"avia_3_1\" class=\"text_input is_ext_email\" type=\"text\" id=\"avia_3_1\" value=\"\"  placeholder='Adresse mail*'\/><\/p><p class='  form_element form_element_half' id='element_avia_4_1'><label for=\"avia_4_1\">T\u00e9l\u00e9phone <\/label> <input name=\"avia_4_1\" class=\"text_input \" type=\"text\" id=\"avia_4_1\" value=\"\"  placeholder='T\u00e9l\u00e9phone '\/><\/p><p class='  first_form  form_element form_fullwidth' id='element_avia_5_1'><label for=\"avia_5_1\">Sujet  <abbr class=\"required\" title=\"requis(e)\">*<\/abbr><\/label> <input name=\"avia_5_1\" class=\"text_input is_empty\" type=\"text\" id=\"avia_5_1\" value=\"\"  placeholder='Sujet *'\/><\/p><p class='  first_form  form_element form_fullwidth' id='element_avia_6_1'><label for=\"avia_6_1\" class=\"textare_label hidden textare_label_avia_6_1\">Message <abbr class=\"required\" title=\"requis(e)\">*<\/abbr><\/label><textarea  placeholder='Message*' name=\"avia_6_1\" class=\"text_area is_empty\" cols=\"40\" rows=\"7\" id=\"avia_6_1\" ><\/textarea><\/p><p class=\"hidden\"><input type=\"text\" name=\"avia_7_1\" class=\"hidden \" id=\"avia_7_1\" value=\"\" \/><\/p><div id='avia_8_1' class='av-recaptcha-area  first_form  form_element form_fullwidth '  data-container_class=\"\" data-custom_class=\"\" data-context=\"av_contact_form\" data-token_input=\"av_recaptcha_token\" data-version=\"avia_recaptcha_v2\" data-theme=\"light\" data-size=\"normal\" data-score=\"0.5\" data-text_to_preview=\"\" data-value=\"\"><div class=\"av-google-badge-message hidden\">Ce site est prot\u00e9g\u00e9 par reCAPTCHA et la <a href=\"https:\/\/policies.google.com\/privacy\">politique de confidentialit\u00e9<\/a> de Google et <a href=\"https:\/\/policies.google.com\/terms\">leur conditions d\u2019utilisation<\/a> s\u2019appliquent.<\/div><\/div><p class=\"form_element \"><input type=\"hidden\" value=\"1\" name=\"avia_generated_form1\" \/><input type=\"submit\" value=\"Valider\" class=\"button\"  data-sending-label=\"Envoi\"\/><\/p><\/fieldset><div class=\"avia-disabled-form\">Ce formulaire est d\u00e9sactiv\u00e9 dans la mesure o\u00f9 vous refusez d\u2019accepter le service Google reCAPTCHA n\u00e9cessaire pour valider toute exp\u00e9dition de message depuis celui-ci.<\/div><\/form><div id=\"ajaxresponse_1\" class=\"ajaxresponse ajaxresponse_1 hidden\"><\/div><\/div>\n\n<\/div><\/div><\/main><!-- close content main element --><\/div><\/div><div id='av-layout-grid-1'  class='av-layout-grid-container av-6t27z-e4061a1bd1e1e9aad98f7055b21ab772 entry-content-wrapper main_color av-flex-cells  avia-builder-el-8  el_after_av_section  avia-builder-el-last  grid-row-not-first  container_wrap sidebar_right'  >\n\n<style type=\"text\/css\" data-created_by=\"avia_inline_auto\" id=\"style-css-av-kl2i1l9a-df063fe3c714f2b7d8c2edb6b037efcc\">\n.flex_cell.av-kl2i1l9a-df063fe3c714f2b7d8c2edb6b037efcc{\nvertical-align:top;\n}\n.responsive #top #wrap_all .flex_cell.av-kl2i1l9a-df063fe3c714f2b7d8c2edb6b037efcc{\npadding:0px 0px 0px 0px !important;\n}\n<\/style>\n<div class='flex_cell av-kl2i1l9a-df063fe3c714f2b7d8c2edb6b037efcc av-gridrow-cell av_one_half no_margin  avia-builder-el-9  el_before_av_cell_one_half  avia-builder-el-first  av-zero-padding'  ><div class='flex_cell_inner'>\n<\/div><\/div>\n<style type=\"text\/css\" data-created_by=\"avia_inline_auto\" id=\"style-css-av-kl2hz8uv-2e64de881217a1c935b1f4c77c1c5271\">\n.flex_cell.av-kl2hz8uv-2e64de881217a1c935b1f4c77c1c5271{\nvertical-align:middle;\n}\n.responsive #top #wrap_all .flex_cell.av-kl2hz8uv-2e64de881217a1c935b1f4c77c1c5271{\npadding:3% 3% 3% 3% !important;\n}\n<\/style>\n<div class='flex_cell av-kl2hz8uv-2e64de881217a1c935b1f4c77c1c5271 av-gridrow-cell av_one_half no_margin  avia-builder-el-11  el_after_av_cell_one_half  avia-builder-el-last '  ><div class='flex_cell_inner'><article  class='iconbox iconbox_left av-kl2hoal8-08fedefeaa3108f1ed6ec54d976ace56  avia-builder-el-12  avia-builder-el-no-sibling ' ><div class=\"iconbox_content\"><header class=\"entry-content-header\" aria-label=\"Icon: T\u00e9l\u00e9charger mon Pressbook\"><div class=\"iconbox_icon heading-color\" aria-hidden='true' data-av_icon='\ue82e' data-av_iconfont='entypo-fontello'><\/div><h3 class='iconbox_content_title ' >T\u00e9l\u00e9charger mon Pressbook<\/h3><\/header><div class='iconbox_content_container ' ><p>Vous recevrez le lien pour t\u00e9l\u00e9charger le press-book par mail<\/p>\n\t\t<script src=\"https:\/\/www.google.com\/recaptcha\/api.js\" async defer><\/script>\t\t<div class=\"email_download_link\">\r\n\t\t\t\t\t\t<form action=\"#\" method=\"post\" class=\"ed_form\" id=\"ed_form_1776225371\">\r\n\t\t\t\t<p><span class=\"name\">Nom *<\/span><br><input type=\"text\" name=\"name\" id=\"name\" placeholder=\"Nom\" value=\"\" maxlength=\"50\" required\/><\/p>\t\t\t\t<p><span class=\"email\">Adresse mail *<\/span><br><input class=\"\" type=\"email\" id=\"email\" name=\"email\" value=\"\" placeholder=\"Adresse mail *\"  maxlength=\"225\" required\/><\/p>\t\t\t\t\t\t\t\t\t\t\t\t\t\t\t\t<p><div class=\"g-recaptcha\" data-sitekey=\"6LeM-U0aAAAAAFvm2p4g9cVeObYVk5aoS7Cgs7-z\"><\/div><\/p>\t\t\t\t<br \/>\r\n\t\t\t\t<input name=\"submit\" class=\"submit\" id=\"ed_form_submit_1776225371\" value=\"Envoyer le lien\" type=\"submit\" \/>\r\n\t\t\t\t<span class=\"ed_form_spinner\" id=\"loading-image\" style=\"display:none;\">\r\n\t\t\t\t\t<img data-recalc-dims=\"1\" decoding=\"async\" src=\"https:\/\/i0.wp.com\/clairelitzler.com\/wp-content\/plugins\/email-download-link\/images\/ajax-loader.gif?w=1500&#038;ssl=1\" \/>\r\n\t\t\t\t<\/span>\r\n\t\t\t\t<input name=\"guid\" id=\"guid\" value=\"crbiuj-vchazj-mzqkpv-qtvpzd-gcomzk\" type=\"hidden\"\/>\r\n\t\t\t\t<input type=\"text\" style=\"display:none;\" id=\"email_name\" name=\"email_name\" value=\"\" type=\"hidden\"\/>\r\n\t\t\t\t<input name=\"form_nonce\" id=\"form_nonce\" value=\"c1b05497cc\" type=\"hidden\"\/>\r\n\t\t\t\t<input name=\"name_mand\" id=\"name_mand\" value=\"YES\" type=\"hidden\"\/>\r\n\t\t\t\t<input name=\"gdpr_mand\" id=\"gdpr_mand\" value=\"NO\" type=\"hidden\"\/>\r\n\t\t\t\t<input name=\"phone_mand\" id=\"phone_mand\" value=\"\" type=\"hidden\"\/>\r\n\t\t\t<\/form>\t\r\n\t\t\t<span class=\"ed_form_message\" id=\"ed_form_message_1776225371\"><\/span>\r\n\t\t<\/div>\r\n\t\n<\/div><\/div><footer class=\"entry-footer\"><\/footer><\/article>\n<\/div><\/div><\/div>\n","protected":false},"excerpt":{"rendered":"","protected":false},"author":1,"featured_media":0,"parent":0,"menu_order":0,"comment_status":"closed","ping_status":"closed","template":"","meta":{"footnotes":""},"class_list":["post-599","page","type-page","status-publish","hentry"],"jetpack_sharing_enabled":true,"_links":{"self":[{"href":"https:\/\/clairelitzler.com\/index.php?rest_route=\/wp\/v2\/pages\/599","targetHints":{"allow":["GET"]}}],"collection":[{"href":"https:\/\/clairelitzler.com\/index.php?rest_route=\/wp\/v2\/pages"}],"about":[{"href":"https:\/\/clairelitzler.com\/index.php?rest_route=\/wp\/v2\/types\/page"}],"author":[{"embeddable":true,"href":"https:\/\/clairelitzler.com\/index.php?rest_route=\/wp\/v2\/users\/1"}],"replies":[{"embeddable":true,"href":"https:\/\/clairelitzler.com\/index.php?rest_route=%2Fwp%2Fv2%2Fcomments&post=599"}],"version-history":[{"count":76,"href":"https:\/\/clairelitzler.com\/index.php?rest_route=\/wp\/v2\/pages\/599\/revisions"}],"predecessor-version":[{"id":1323,"href":"https:\/\/clairelitzler.com\/index.php?rest_route=\/wp\/v2\/pages\/599\/revisions\/1323"}],"wp:attachment":[{"href":"https:\/\/clairelitzler.com\/index.php?rest_route=%2Fwp%2Fv2%2Fmedia&parent=599"}],"curies":[{"name":"wp","href":"https:\/\/api.w.org\/{rel}","templated":true}]}}