{"id":508,"date":"2021-02-05T14:20:30","date_gmt":"2021-02-05T14:20:30","guid":{"rendered":"https:\/\/clairelitzler.com\/?page_id=508"},"modified":"2021-02-10T03:00:14","modified_gmt":"2021-02-10T03:00:14","slug":"conditions-generales-de-vente","status":"publish","type":"page","link":"https:\/\/clairelitzler.com\/?page_id=508","title":{"rendered":"Conditions g\u00e9n\u00e9rales de vente"},"content":{"rendered":"<div id='av_section_1'  class='avia-section av-95c3o-2ab567656fad601a7e0978c919896683 main_color avia-section-default avia-no-border-styling  avia-builder-el-0  avia-builder-el-no-sibling  avia-bg-style-scroll container_wrap sidebar_right'  ><div class='container av-section-cont-open' ><main  class='template-page content  av-content-small alpha units'><div class='post-entry post-entry-type-page post-entry-508'><div class='entry-content-wrapper clearfix'>\n\n<style type=\"text\/css\" data-created_by=\"avia_inline_auto\" id=\"style-css-av-av_heading-7381e0b5c12c77d2d5dc5e4b17f0f20f\">\n#top .av-special-heading.av-av_heading-7381e0b5c12c77d2d5dc5e4b17f0f20f{\npadding-bottom:10px;\n}\nbody .av-special-heading.av-av_heading-7381e0b5c12c77d2d5dc5e4b17f0f20f .av-special-heading-tag .heading-char{\nfont-size:25px;\n}\n.av-special-heading.av-av_heading-7381e0b5c12c77d2d5dc5e4b17f0f20f .av-subheading{\nfont-size:15px;\n}\n<\/style>\n<div  class='av-special-heading av-av_heading-7381e0b5c12c77d2d5dc5e4b17f0f20f av-special-heading-h1 blockquote elegant-quote elegant-centered  avia-builder-el-1  el_before_av_hr  avia-builder-el-first '><h1 class='av-special-heading-tag '  ><span class=\"heading-wrap\">Conditions g\u00e9n\u00e9rales de vente<\/span><\/h1><div class=\"special-heading-border\"><div class=\"special-heading-inner-border\"><\/div><\/div><\/div>\n\n<style type=\"text\/css\" data-created_by=\"avia_inline_auto\" id=\"style-css-av-kkseie0q-bf0f71f19244ec0b6d27ec7d99061b47\">\n#top .hr.av-kkseie0q-bf0f71f19244ec0b6d27ec7d99061b47{\nmargin-top:30px;\nmargin-bottom:30px;\n}\n.hr.av-kkseie0q-bf0f71f19244ec0b6d27ec7d99061b47 .hr-inner{\nwidth:50px;\nmax-width:45%;\n}\n<\/style>\n<div  class='hr av-kkseie0q-bf0f71f19244ec0b6d27ec7d99061b47 hr-custom  avia-builder-el-2  el_after_av_heading  el_before_av_textblock  hr-center hr-icon-yes'><span class='hr-inner inner-border-av-border-fat'><span class=\"hr-inner-style\"><\/span><\/span><span class='av-seperator-icon' aria-hidden='true' data-av_icon='\ue83e' data-av_iconfont='entypo-fontello'><\/span><span class='hr-inner inner-border-av-border-fat'><span class=\"hr-inner-style\"><\/span><\/span><\/div>\n<section  class='av_textblock_section av-kksdlkq5-950261c430585df453d445e576f14469 '  ><div class='avia_textblock' ><ul>\n<li><strong>OBJET \u2013 APPLICATION DES CONDITIONS G\u00c9N\u00c9RALES<\/strong>\n<ol>\n<li><strong>\u00a0Objet<\/strong><br \/>\nLes pr\u00e9sentes conditions g\u00e9n\u00e9rales (les \u00ab\u00a0<strong>Conditions G\u00e9n\u00e9rales\u00a0<\/strong>\u00bb) ont pour objet de d\u00e9finir les conditions dans lesquelles\u00a0<em>Ecole de batterie &amp; percussions\u00a0Claire\u00a0Litzler<\/em>, entreprise dont le si\u00e8ge est situ\u00e9 \u00e0 Hagenthal-le-bas (68220) en France, entend commercialiser aupr\u00e8s de ses clients (les \u00ab\u00a0<strong>Clients\u00a0<\/strong>\u00bb) des disques (les \u00ab\u00a0<strong>Produits\u00a0<\/strong>\u00bb).<\/li>\n<li><strong>\u00a0Application des Conditions G\u00e9n\u00e9rales <\/strong><br \/>\nToute vente de Produits conclue entre\u00a0<em>Ecole de batterie &amp; percussions\u00a0Claire\u00a0Litzler\u00a0<\/em>et un Client est soumise aux pr\u00e9sentes Conditions G\u00e9n\u00e9rales. La conclusion d\u2019une commande implique l\u2019acceptation sans r\u00e9serve par le Client de l\u2019int\u00e9gralit\u00e9 des Conditions G\u00e9n\u00e9rales.\u00a0<em>Ecole de batterie &amp; percussions\u00a0Claire\u00a0Litzler <\/em>et tout Client donn\u00e9 peuvent, par accord particulier, d\u00e9roger aux Conditions G\u00e9n\u00e9rales.<\/li>\n<li><strong>Pr\u00e9valence<br \/>\n<\/strong>Les Conditions G\u00e9n\u00e9rales pr\u00e9valent sur toutes conditions g\u00e9n\u00e9rales d\u2019achat du Client (quelle que soit leur d\u00e9nomination), et ce quand bien m\u00eame ces derni\u00e8res auraient \u00e9t\u00e9 communiqu\u00e9es \u00e0 <em>Ecole de batterie &amp; percussions\u00a0Claire\u00a0Litzler<\/em>. Tout Client renonce \u00e0 se pr\u00e9valoir de ses conditions g\u00e9n\u00e9rales d\u2019achat.\u00a0<em>Ecole de batterie &amp; percussions\u00a0Claire\u00a0Litzler\u00a0<\/em>et tout Client conviennent d\u2019exclure les dispositions de la Convention sur la vente internationale de marchandises de Vienne du 11 avril 1980 en tant qu\u2019elles pourraient \u00eatre applicables.<\/li>\n<li><strong>Langue<br \/>\n<\/strong>Les pr\u00e9sentes conditions g\u00e9n\u00e9rales ne pourront \u00eatre contest\u00e9s par les clients non francophone et\/ou \u00e9trangers pour cause de non-traduction de celles-ci.<\/li>\n<\/ol>\n<\/li>\n<li><strong>COMMANDES \u2013 PAIEMENT EFFECTUE<br \/>\n<\/strong><\/p>\n<ol>\n<li>Toute commande sera irr\u00e9vocablement form\u00e9e \u00e0 compter du paiement s\u00e9curis\u00e9 en ligne effectu\u00e9 par le Client. Un r\u00e9capitulatif\/re\u00e7u de la commande lui sera ensuite envoy\u00e9e par mail, indiquant le mode de transport, le lieu et l\u2019adresse de leur livraison et de facturation ainsi que le prix global de vente.<\/li>\n<li><strong>\u00a0<\/strong><strong>Prix en vigueur<\/strong><br \/>\nLes prix des Produits sont ceux en vigueur sur le site\u00a0<em>clairelitzler.fr<\/em>.\u00a0<em>Ecole de batterie &amp; percussions\u00a0Claire\u00a0Litzler\u00a0<\/em>se r\u00e9serve le droit de modifier ses tarifs \u00e0 tout moment. Les tarifs ainsi modifi\u00e9s s\u2019appliqueront \u00e0 toutes commandes post\u00e9rieures.<\/li>\n<li><strong>Taxes, frais, emballage, transport(s)<\/strong><br \/>\nLes prix sont libell\u00e9s en euros (\u20ac) et sont exprim\u00e9s toutes taxes comprises (TTC). Le prix indiqu\u00e9 sur la page du produit inclut le co\u00fbt de l\u2019emballage.<\/li>\n<li><strong>Re\u00e7u<\/strong><br \/>\n<em>Ecole de batterie &amp; percussions\u00a0Claire\u00a0Litzler\u00a0\u00a0<\/em>adressera un re\u00e7u conforme aux prescriptions l\u00e9gales \u00e0 tout Client sans d\u00e9lai suivant sa commande et son paiement effectu\u00e9e. Le Client accepte que tout re\u00e7u puisse lui \u00eatre d\u00e9livr\u00e9e sous forme d\u00e9mat\u00e9rialis\u00e9e, et notamment par courriel.<\/li>\n<\/ol>\n<\/li>\n<li><strong>LIVRAISON<\/strong>\n<ol>\n<li><strong>Modalit\u00e9s<\/strong><br \/>\n<em>Ecole de batterie &amp; percussions\u00a0Claire\u00a0Litzler\u00a0<\/em>propose plusieurs m\u00e9thodes de livraison selon les zones g\u00e9ographiques de commande concern\u00e9es que le client pourra choisir et correspondant aux grilles tarifaires en vigueur sur le site\u00a0<em>www.laposte.fr<\/em>. En aucun cas la perte ou la non r\u00e9ception d\u2019un colis pourra \u00eatre imput\u00e9e \u00e0\u00a0<em>Ecole de batterie &amp; percussions\u00a0Claire\u00a0Litzler\u00a0\u00a0<\/em>et elle sera l\u2019enti\u00e8re responsabilit\u00e9 de\u00a0<em>La Poste<\/em>. Le client disposera d\u2019un num\u00e9ro de suivi pour sa commande pour toute r\u00e9clamation aupr\u00e8s de\u00a0<em>La Poste\u00a0<\/em>(voir l\u2019Article 6 pour plus de d\u00e9tails).<\/li>\n<li><strong>D\u00e9lai<\/strong><br \/>\nLe ou les d\u00e9lais de livraison sont ceux en vigueur sur le site\u00a0<em>www.laposte.fr<\/em>. Dans le cadre de pr\u00e9-commandes, les d\u00e9lais de livraisons seront applicables au moment de la sortie effective du produit.<\/li>\n<\/ol>\n<\/li>\n<li><strong>CONDITIONS DE PAIEMENT<\/strong>\n<ol>\n<li><strong>Modes de paiement<\/strong><br \/>\nLe paiement sera fera uniquement par le biais de PayPal, m\u00eame si si vous n&rsquo;avez pas de compte PayPal vous pourrez payer avec votre CB sur leur site.<\/li>\n<li><strong>D\u00e9lai de paiement<\/strong><br \/>\nLe paiement est valable imm\u00e9diatement.<\/li>\n<\/ol>\n<\/li>\n<li><strong>RECLAMATIONS<\/strong>\n<ol>\n<li><strong>\u00a0D\u00e9lais<br \/>\n<\/strong>Tous d\u00e9g\u00e2ts apparents caus\u00e9s \u00e0 la marchandise devront, afin d\u2019\u00eatre recevables, avoir \u00e9t\u00e9 signal\u00e9s au livreur, en sa pr\u00e9sence, \u00e0 la livraison. Seul le transporteur\u00a0<em>La Poste\u00a0<\/em>est responsable des d\u00e9g\u00e2ts caus\u00e9s pendant le transport. Toute autre r\u00e9clamation relative \u00e0 la non-conformit\u00e9 d\u2019un Produit livr\u00e9 devra \u00eatre adress\u00e9e par le Client par lettre recommand\u00e9e avec accus\u00e9 de r\u00e9ception dans un d\u00e9lai de sept (7) jours suivant r\u00e9ception. Pass\u00e9 ce d\u00e9lai, les Produits seront r\u00e9put\u00e9s accept\u00e9s dans leur int\u00e9gralit\u00e9. Il appartiendra au Client de fournir toute justification quant \u00e0 la r\u00e9alit\u00e9 des vices ou anomalies constat\u00e9s. Le Client devra laisser \u00e0\u00a0<em>Ecole de batterie &amp; percussions\u00a0Claire\u00a0Litzler\u00a0\u00a0<\/em>toute facilit\u00e9 pour proc\u00e9der \u00e0 leur constatation et pour y porter rem\u00e8de.<\/li>\n<li><strong>Exclusion ou limitation de responsabilit\u00e9<br \/>\n<\/strong>Aucune r\u00e9clamation ne sera admise sur des Produits ayant subi une manipulation ou transformation par le Client. La responsabilit\u00e9 de\u00a0<em>Ecole de batterie &amp; percussions\u00a0Claire\u00a0Litzler\u00a0\u00a0<\/em>ne peut en aucun cas \u00eatre recherch\u00e9e pour un montant sup\u00e9rieur au prix de facturation des Produits reconnus d\u00e9fectueux. La responsabilit\u00e9 de\u00a0<em>Ecole de batterie &amp; percussions\u00a0Claire\u00a0Litzler\u00a0\u00a0<\/em>ne pourra jamais \u00eatre recherch\u00e9e en cas d\u2019inex\u00e9cution ou de mauvaise ex\u00e9cution due \u00e0 un cas de \u00ab\u00a0<strong>force majeure\u00a0<\/strong>\u00bb, tout \u00e9v\u00e8nement ind\u00e9pendant de la volont\u00e9 de\u00a0<em>Ecole de batterie &amp; percussions\u00a0Claire\u00a0Litzler<\/em>, et faisant obstacle au fonctionnement normal de la fabrication, la production, de l\u2019exp\u00e9dition et\/ou du transport des Produits. Constituent notamment des cas de force majeure : les gr\u00e8ves totales ou partielles, l\u2019interruption ou retard des transports, de la fourniture d\u2019\u00e9nergie, de mati\u00e8res premi\u00e8res ou de pi\u00e8ces d\u00e9tach\u00e9es, les intemp\u00e9ries, inondations, temp\u00eates, l\u2019\u00e9tat de crise sanitaire, les retards ou autres manquements strictement imputables aux fournisseurs ou prestataires tiers auxquels recourt\u00a0<em>Ecole de batterie &amp; percussions\u00a0Claire\u00a0Litzler\u00a0<\/em>(tels que par exemple le transporteur, , imprimeur, fournisseurs, etc.)<\/li>\n<li><strong>Retours<br \/>\n<\/strong>Tout retour de Produits par le Client n\u00e9cessitera l\u2019accord \u00e9crit pr\u00e9alable de\u00a0<em>Ecole de batterie &amp; percussions\u00a0Claire\u00a0Litzler<\/em>. Les risques aff\u00e9rents aux Produits retourn\u00e9s restent \u00e0 la charge du Client.<\/li>\n<\/ol>\n<\/li>\n<li><strong>PROPRIETE INTELLECTUELLE <\/strong>\n<ol>\n<li>Les \u0153uvres reproduites sur les Produits sont l\u2019enti\u00e8re propri\u00e9t\u00e9 de leur cr\u00e9ateurs et toute reproduction, en tout ou en partie, sous quelque forme que ce soit, est formellement interdite sans l\u2019autorisation pr\u00e9alable de leur auteur.<\/li>\n<\/ol>\n<\/li>\n<li><strong>DIVISIBILITE \u2013 EXERCICE DES DROITS <\/strong>\n<ol>\n<li><strong>Divisibilit\u00e9<br \/>\n<\/strong>Dans l\u2019hypoth\u00e8se o\u00f9 une stipulation des Conditions G\u00e9n\u00e9rales serait ou deviendrait nulle, ill\u00e9gale ou inopposable, la validit\u00e9, la l\u00e9galit\u00e9 ou l\u2019opposabilit\u00e9 de toute autre stipulation ne sera pas affect\u00e9e ou alt\u00e9r\u00e9e, \u00e0 moins qu\u2019elle fasse partie int\u00e9grante ou soit clairement indissociable de la stipulation invalid\u00e9e ou inopposable. En outre les parties s\u2019efforceront en toute bonne foi de trouver un accord sur les modifications \u00e0 apporter aux Conditions G\u00e9n\u00e9rales afin de leur donner un effet correspondant \u00e0 leur commune intention.<\/li>\n<li><strong>Exercice des droits<br \/>\n<\/strong>Tous les droits conf\u00e9r\u00e9s \u00e0 une partie par les Conditions G\u00e9n\u00e9rales sont cumulatifs et pourront \u00eatre exerc\u00e9s \u00e0 tout moment. Le fait de ne pas exercer un droit ou de tarder \u00e0 l\u2019exercer ne constituera pas une renonciation \u00e0 ce droit, et l\u2019exercice d\u2019un seul droit ou son exercice partiel n\u2019emp\u00eachera pas de l\u2019exercer \u00e0 nouveau ou dans l\u2019avenir, ou d\u2019exercer tout autre droit.<\/li>\n<\/ol>\n<\/li>\n<li><strong>LOI APPLICABLE \u2013 COMP\u00c9TENCE \u2013 ENTREE EN VIGUEUR <\/strong>\n<ol>\n<li><strong>Loi applicable<br \/>\n<\/strong>Les pr\u00e9sentes Conditions G\u00e9n\u00e9rales sont r\u00e9gies par le droit fran\u00e7ais. L\u2019application de la Convention de Vienne du 11 avril 1980 est exclue comme indiqu\u00e9 \u00e0 l\u2019Article 1.3.<\/li>\n<li><strong>Entr\u00e9e en vigueur<br \/>\n<\/strong>Les pr\u00e9sentes Conditions G\u00e9n\u00e9rales sont entr\u00e9es en vigueur le 22\/04\/2020 (le vingt-deux mai deux mille vingt)<\/li>\n<\/ol>\n<\/li>\n<\/ul>\n<\/div><\/section>\n<\/div><\/div><\/main><!-- close content main element --><\/div><\/div><div id='after_section_1'  class='main_color av_default_container_wrap container_wrap sidebar_right'  ><div class='container av-section-cont-open' ><div class='template-page content  av-content-small alpha units'><div class='post-entry post-entry-type-page post-entry-508'><div class='entry-content-wrapper clearfix'>\n","protected":false},"excerpt":{"rendered":"","protected":false},"author":1,"featured_media":0,"parent":0,"menu_order":0,"comment_status":"closed","ping_status":"closed","template":"","meta":{"footnotes":""},"class_list":["post-508","page","type-page","status-publish","hentry"],"jetpack_sharing_enabled":true,"_links":{"self":[{"href":"https:\/\/clairelitzler.com\/index.php?rest_route=\/wp\/v2\/pages\/508","targetHints":{"allow":["GET"]}}],"collection":[{"href":"https:\/\/clairelitzler.com\/index.php?rest_route=\/wp\/v2\/pages"}],"about":[{"href":"https:\/\/clairelitzler.com\/index.php?rest_route=\/wp\/v2\/types\/page"}],"author":[{"embeddable":true,"href":"https:\/\/clairelitzler.com\/index.php?rest_route=\/wp\/v2\/users\/1"}],"replies":[{"embeddable":true,"href":"https:\/\/clairelitzler.com\/index.php?rest_route=%2Fwp%2Fv2%2Fcomments&post=508"}],"version-history":[{"count":9,"href":"https:\/\/clairelitzler.com\/index.php?rest_route=\/wp\/v2\/pages\/508\/revisions"}],"predecessor-version":[{"id":780,"href":"https:\/\/clairelitzler.com\/index.php?rest_route=\/wp\/v2\/pages\/508\/revisions\/780"}],"wp:attachment":[{"href":"https:\/\/clairelitzler.com\/index.php?rest_route=%2Fwp%2Fv2%2Fmedia&parent=508"}],"curies":[{"name":"wp","href":"https:\/\/api.w.org\/{rel}","templated":true}]}}