{"id":3,"date":"2021-01-26T22:25:08","date_gmt":"2021-01-26T22:25:08","guid":{"rendered":"https:\/\/clairelitzler.com\/?page_id=3"},"modified":"2021-02-19T00:53:15","modified_gmt":"2021-02-19T00:53:15","slug":"politique-de-confidentialite","status":"publish","type":"page","link":"https:\/\/clairelitzler.com\/?page_id=3","title":{"rendered":"Politique de confidentialit\u00e9"},"content":{"rendered":"\n<style type=\"text\/css\" data-created_by=\"avia_inline_auto\" id=\"style-css-av-av_heading-bd2725ed69cfd2cb9cea0747a0e90417\">\n#top .av-special-heading.av-av_heading-bd2725ed69cfd2cb9cea0747a0e90417{\npadding-bottom:30px;\n}\nbody .av-special-heading.av-av_heading-bd2725ed69cfd2cb9cea0747a0e90417 .av-special-heading-tag .heading-char{\nfont-size:25px;\n}\n.av-special-heading.av-av_heading-bd2725ed69cfd2cb9cea0747a0e90417 .av-subheading{\nfont-size:15px;\n}\n<\/style>\n<div  class='av-special-heading av-av_heading-bd2725ed69cfd2cb9cea0747a0e90417 av-special-heading-h1 blockquote elegant-quote elegant-centered  avia-builder-el-0  el_before_av_textblock  avia-builder-el-first '><h1 class='av-special-heading-tag '  ><span class=\"heading-wrap\">Mentions l\u00e9gales et Politique de Confidentialit\u00e9<\/span><\/h1><div class=\"special-heading-border\"><div class=\"special-heading-inner-border\"><\/div><\/div><\/div>\r\n<section  class='av_textblock_section av-kkeoewv5-aec47dd7342fd5ab21f2075019a9a266 '  ><div class='avia_textblock' ><h2>Qui sommes-nous<\/h2>\n<p>MADAME CLAIRE LITZLER, entrepreneur individuel est en activit\u00e9 depuis 4 ans.<br \/>\u00c9tablie \u00e0 HAGENTHAL-LE-BAS (68220), elle est sp\u00e9cialis\u00e9e dans le secteur d&rsquo;activit\u00e9 de l&rsquo;enseignement culturel.<\/p>\n<p><!-- \/wp:post-content --><\/p>\n<p><!-- wp:paragraph -->L&rsquo;adresse de notre site web est : https:\/\/clairelitzler.com<\/p>\n<\/div><\/section>\r\n<div class='avia-data-table-wrap av-1rwwv-5cdd47106995d381b12988cbd90f2628 avia_scrollable_table avia-table-1'><table  class='avia-table avia-data-table avia_pricing_default  avia-builder-el-2  el_after_av_textblock  el_before_av_hr ' ><tbody><tr class=''><td class='avia-center-col'>Statut INSEE<\/td><td class='avia-center-col'> Enregistr\u00e9e \u00e0 l&rsquo;INSEE le 30-08-2016 <\/td><\/tr><tr class=''><td class='avia-center-col'>D\u00e9nomination<\/td><td class='avia-center-col'> MADAME CLAIRE LITZLER<\/td><\/tr><tr class=''><td class='avia-center-col'>Adresse<\/td><td class='avia-center-col'>2 B RTE DE WENTZWILLER 68220 HAGENTHAL-LE-BAS <\/td><\/tr><tr class=''><td class='avia-center-col'>SIREN<\/td><td class='avia-center-col'>822190799<\/td><\/tr><tr class=''><td class='avia-center-col'>SIRET (si\u00e8ge)<\/td><td class='avia-center-col'>82219079900012<\/td><\/tr><tr class=''><td class='avia-center-col'>N\u00b0 de TVA Intracommunautaire<\/td><td class='avia-center-col'>FR52822190799<\/td><\/tr><tr class=''><td class='avia-center-col'>Activit\u00e9 (Code NAF ou APE) <\/td><td class='avia-center-col'>Enseignement culturel (8552Z) <\/td><\/tr><tr class=''><td class='avia-center-col'>Forme juridique <\/td><td class='avia-center-col'>Entrepreneur individuel <\/td><\/tr><tr class=''><td class='avia-center-col'>Date cr\u00e9ation entreprise<\/td><td class='avia-center-col'>30-08-2016 <\/td><\/tr><\/tbody><\/table><\/div>\r\n<div  class='hr av-329j-cfe46e3645ef9e9ce6c90751b19c67ba hr-default  avia-builder-el-3  el_after_av_table  el_before_av_textblock '><span class='hr-inner '><span class=\"hr-inner-style\"><\/span><\/span><\/div>\r\n<section  class='av_textblock_section av-kkeodeql-25e410851a5aa6f9fb521dacea613193 '  ><div class='avia_textblock' ><p><!-- wp:heading --><\/p>\n<p><!-- \/wp:heading --><\/p>\n<p><!-- wp:heading --><\/p>\n<h2>Utilisation des donn\u00e9es personnelles collect\u00e9es<\/h2>\n\n<style type=\"text\/css\" data-created_by=\"avia_inline_auto\" id=\"style-css-av-3r53-9cabbdcc293def24a7aeccd2795cb872\">\n#top .hr.hr-invisible.av-3r53-9cabbdcc293def24a7aeccd2795cb872{\nheight:30px;\n}\n<\/style>\n<div  class='hr av-3r53-9cabbdcc293def24a7aeccd2795cb872 hr-invisible  avia-builder-el-5  avia-builder-el-no-sibling '><span class='hr-inner '><span class=\"hr-inner-style\"><\/span><\/span><\/div>\n<h2>Commentaires<\/h2>\n<p>Quand vous laissez un commentaire sur notre site web, les donn\u00e9es inscrites dans le formulaire de commentaire, mais aussi votre adresse IP et l\u2019agent utilisateur de votre navigateur sont collect\u00e9s pour nous aider \u00e0 la d\u00e9tection des commentaires ind\u00e9sirables.<\/p>\n<p>Une cha\u00eene anonymis\u00e9e cr\u00e9\u00e9e \u00e0 partir de votre adresse de messagerie (\u00e9galement appel\u00e9e hash) peut \u00eatre envoy\u00e9e au service Gravatar pour v\u00e9rifier si vous utilisez ce dernier. Les clauses de confidentialit\u00e9 du service Gravatar sont disponibles ici : https:\/\/automattic.com\/privacy\/. Apr\u00e8s validation de votre commentaire, votre photo de profil sera visible publiquement \u00e0 cot\u00e9 de votre commentaire.<\/p>\n<h2>M\u00e9dias<\/h2>\n<p>Si vous \u00eates un utilisateur ou une utilisatrice enregistr\u00e9\u00b7e et que vous t\u00e9l\u00e9versez des images sur le site web, nous vous conseillons d\u2019\u00e9viter de t\u00e9l\u00e9verser des images contenant des donn\u00e9es EXIF de coordonn\u00e9es GPS. Les visiteurs de votre site web peuvent t\u00e9l\u00e9charger et extraire des donn\u00e9es de localisation depuis ces images.<\/p>\n<h2>Formulaires de contact<\/h2>\n<p>Si vous utilisez notre formulaire de contact dans la page contact, nous conservons les soumissions d\u2019un formulaire de contact pendant une p\u00e9riode donn\u00e9e pour les questions li\u00e9es au service client, mais que nous n&rsquo;utilisons pas \u00e0 des fins commerciales.<\/p>\n<h2>Cookies<\/h2>\n<p>Si vous d\u00e9posez un commentaire sur notre site, il vous sera propos\u00e9 d\u2019enregistrer votre nom, adresse de messagerie et site web dans des cookies. C\u2019est uniquement pour votre confort afin de ne pas avoir \u00e0 saisir ces informations si vous d\u00e9posez un autre commentaire plus tard. Ces cookies expirent au bout d\u2019un an.<\/p>\n<p>Si vous vous rendez sur la page de connexion, un cookie temporaire sera cr\u00e9\u00e9 afin de d\u00e9terminer si votre navigateur accepte les cookies. Il ne contient pas de donn\u00e9es personnelles et sera supprim\u00e9 automatiquement \u00e0 la fermeture de votre navigateur.<\/p>\n<p>Lorsque vous vous connecterez, nous mettrons en place un certain nombre de cookies pour enregistrer vos informations de connexion et vos pr\u00e9f\u00e9rences d\u2019\u00e9cran. La dur\u00e9e de vie d\u2019un cookie de connexion est de deux jours, celle d\u2019un cookie d\u2019option d\u2019\u00e9cran est d\u2019un an. Si vous cochez \u00ab Se souvenir de moi \u00bb, votre cookie de connexion sera conserv\u00e9 pendant deux semaines. Si vous vous d\u00e9connectez de votre compte, le cookie de connexion sera effac\u00e9.<\/p>\n<p>En modifiant ou en publiant une publication, un cookie suppl\u00e9mentaire sera enregistr\u00e9 dans votre navigateur. Ce cookie ne comprend aucune donn\u00e9e personnelle. Il indique simplement l\u2019ID de la publication que vous venez de modifier. Il expire au bout d\u2019un jour.<\/p>\n<h2>Contenu embarqu\u00e9 depuis d\u2019autres sites<\/h2>\n<p>Les articles de ce site peuvent inclure des contenus int\u00e9gr\u00e9s (par exemple des vid\u00e9os, images, articles\u2026). Le contenu int\u00e9gr\u00e9 depuis d\u2019autres sites se comporte de la m\u00eame mani\u00e8re que si le visiteur se rendait sur cet autre site.<\/p>\n<p>Ces sites web pourraient collecter des donn\u00e9es sur vous, utiliser des cookies, embarquer des outils de suivis tiers, suivre vos interactions avec ces contenus embarqu\u00e9s si vous disposez d\u2019un compte connect\u00e9 sur leur site web.<\/p>\n<h2>Dur\u00e9es de stockage de vos donn\u00e9es<\/h2>\n<p>Si vous laissez un commentaire, le commentaire et ses m\u00e9tadonn\u00e9es sont conserv\u00e9s ind\u00e9finiment. Cela permet de reconna\u00eetre et approuver automatiquement les commentaires suivants au lieu de les laisser dans la file de mod\u00e9ration.<\/p>\n<p>Pour les utilisateurs et utilisatrices qui s\u2019inscrivent sur notre site (si cela est possible), nous stockons \u00e9galement les donn\u00e9es personnelles indiqu\u00e9es dans leur profil. Tous les utilisateurs et utilisatrices peuvent voir, modifier ou supprimer leurs informations personnelles \u00e0 tout moment (\u00e0 l\u2019exception de leur nom d\u2019utilisateur\u00b7ice). Les gestionnaires du site peuvent aussi voir et modifier ces informations.<\/p>\n<h2>Les droits que vous avez sur vos donn\u00e9es<\/h2>\n<p>Si vous avez un compte ou si vous avez laiss\u00e9 des commentaires sur le site, vous pouvez demander \u00e0 recevoir un fichier contenant toutes les donn\u00e9es personnelles que nous poss\u00e9dons \u00e0 votre sujet, incluant celles que vous nous avez fournies. Vous pouvez \u00e9galement demander la suppression des donn\u00e9es personnelles vous concernant. Cela ne prend pas en compte les donn\u00e9es stock\u00e9es \u00e0 des fins administratives, l\u00e9gales ou pour des raisons de s\u00e9curit\u00e9.<\/p>\n<h2>Transmission de vos donn\u00e9es personnelles<\/h2>\n<p>Les commentaires des visiteurs peuvent \u00eatre v\u00e9rifi\u00e9s \u00e0 l\u2019aide d\u2019un service automatis\u00e9 de d\u00e9tection des commentaires ind\u00e9sirables.<\/p>\n<h2>Informations de contact<\/h2>\n<p>Vous pouvez nous joindre par la mail box ou \u00e0 l\u2019adresse info@clairelitzler.com<\/p>\n<h2>Informations suppl\u00e9mentaires<\/h2>\n<p>Le site https:\/\/clairelitzler.com \u00a0est h\u00e9berg\u00e9 chez OVH.<br \/>OVH SAS est une filiale de la soci\u00e9t\u00e9 OVH Groupe SAS, soci\u00e9t\u00e9 immatricul\u00e9e au RCS de Lille sous le num\u00e9ro 537 407 926 sise 2, rue Kellermann, 59100 Roubaix.<\/p>\n<h2>Comment nous prot\u00e9geons vos donn\u00e9es<\/h2>\n<p>Les \u00e9changes de donn\u00e9es sont s\u00e9curis\u00e9s avec le protocole HTTPS.<br \/>Le protocole \u00ab HTTPS \u00bb permet, en \u00e9tablissant une connexion chiffr\u00e9e \u00e0 l&rsquo;aide d&rsquo;un certificat X509 (RSA 2048 bits et plus) et de la norme TLS entre les ordinateurs de vos visiteurs et le serveur sur lequel est h\u00e9berg\u00e9 notre site, de r\u00e9duire les risques d\u2019interception de donn\u00e9es personnelles ou bancaire par exemple. L\u2019affichage d\u2019un cadenas dans la barre de navigation indique que votre site est s\u00e9curis\u00e9 et authentifi\u00e9 par une autorit\u00e9 de certification reconnue. Le certicat \u00ab\u00a0Let&rsquo;s Encrypt \u00a0\u00bb dans notre cas.<\/p>\n<h2>Concernant la boutique en ligne<\/h2>\n<div class=\"policy-text\">\n<div class=\"wp-suggested-text hide-privacy-policy-tutorial\">\n<p>Nous collectons des informations lors de la validation de commande sur notre boutique.<\/p>\n<h2>Ce que nous collectons et stockons<\/h2>\n<p>Pendant votre visite du site, nous suivons\u00a0:<\/p>\n<ul>\n<li>Produits que vous avez vu\u00a0: nous les utilisons pour, par exemple, afficher des produits que vous avez r\u00e9cemment vu<\/li>\n<li>Localisation, adresse IP et type de navigateur\u00a0: nous les utilisons pour l\u2018estimation des taxes et frais de livraison<\/li>\n<li>Adresse de livraison\u00a0: nous vous demanderons de la saisir pour estimer les frais de livraison avant que vous passiez commande, et pour vous envoyer la commande\u00a0!<\/li>\n<\/ul>\n<p>Nous utilisons des cookies pour suivre les contenus du panier pendant que vous naviguez sur notre site.<\/p>\n<p>Quand vous achetez sur notre site web, nous vous demanderons de fournir des informations incluant votre nom, adresse de facturation, adresse de livraison, adresse de messagerie, num\u00e9ro de t\u00e9l\u00e9phone, donn\u00e9es de paiement et \u00e9ventuellement les donn\u00e9es du compte tel que l\u2019identifiant et le mot de passe. Ces informations seront utilis\u00e9es pour\u00a0:<\/p>\n<ul>\n<li>Envoie de l\u2019information \u00e0 propos de votre compte et commande<\/li>\n<li>R\u00e9pondre aux demandes, incluant les remboursements et plaintes<\/li>\n<li>Traitement des paiements et pr\u00e9vention de la fraude<\/li>\n<li>Configurez votre compte pour notre boutique<\/li>\n<li>Se conformer avec toute obligation l\u00e9gale, telle que le calcul des taxes<\/li>\n<li>Am\u00e9liorer les offres de notre boutique<\/li>\n<li>Vous envoyer des messages marketing, si vous choisissez d\u2019en recevoir<\/li>\n<\/ul>\n<p>Si vous cr\u00e9ez un compte, nous stockons votre nom, adresse, e-mail, et num\u00e9ro de t\u00e9l\u00e9phone, qui sera utilis\u00e9 pour pr\u00e9remplir la validation de commande pour les prochaines commandes.<\/p>\n<p>Nous stockons g\u00e9n\u00e9ralement vos informations aussi longtemps que nous en avons besoin pour l\u2019usage pour lequel nous les collectons et utilisons, et nous ne sommes pas oblig\u00e9s l\u00e9galement de continuer \u00e0 les conserver. Par exemple, nous stockons les informations de commande pour XXX ann\u00e9es pour les taxes et la comptabilit\u00e9. Ceci inclut votre nom, adresse de messagerie et adresses de facturation et livraison.<\/p>\n<p>Nous stockons aussi les commentaires ou avis, si vous choisissez d\u2019en envoyer.<\/p>\n<h2>Qui de notre \u00e9quipe a acc\u00e8s aux donn\u00e9es<\/h2>\n<p>Les membres de notre \u00e9quipe ont acc\u00e8s aux informations que vous nous fournissez. Par exemple, les administrateurs et g\u00e9rants de boutique ont acc\u00e8s\u00a0:<\/p>\n<ul>\n<li>Information de commande tel que ce qui a \u00e9t\u00e9 achet\u00e9, quand et o\u00f9 cela doit \u00eatre envoy\u00e9, et<\/li>\n<li>Information client tel que votre nom, adresse de messagerie et informations de facturation et livraison.<\/li>\n<\/ul>\n<p>Notre \u00e9quipe a acc\u00e8s \u00e0 ces informations pour traiter les commandes, effectuer les remboursements et vous aider.<\/p>\n<h2>Paiements<\/h2>\n<p>Nous acceptons les paiements uniquement par PayPal. Lors du traitement des paiements, certaines donn\u00e9es seront transmises \u00e0 PayPal, incluant l\u2019information obligatoires \u00e0 l\u2019ex\u00e9cution du paiement, tel que le montant total ou les informations de facturation.<\/p>\n<p>Veuillez lire la <a href=\"https:\/\/www.paypal.com\/us\/webapps\/mpp\/ua\/privacy-full\" target=\"_blank\" rel=\"noopener\">politique de confidentialit\u00e9 de PayPal<\/a> pour plus de d\u00e9tails.<\/p>\n<\/div>\n<\/div>\n<p><!-- \/wp:heading --><\/p>\n<\/div><\/section>","protected":false},"excerpt":{"rendered":"","protected":false},"author":1,"featured_media":0,"parent":0,"menu_order":0,"comment_status":"closed","ping_status":"open","template":"","meta":{"footnotes":""},"class_list":["post-3","page","type-page","status-publish","hentry"],"jetpack_sharing_enabled":true,"_links":{"self":[{"href":"https:\/\/clairelitzler.com\/index.php?rest_route=\/wp\/v2\/pages\/3","targetHints":{"allow":["GET"]}}],"collection":[{"href":"https:\/\/clairelitzler.com\/index.php?rest_route=\/wp\/v2\/pages"}],"about":[{"href":"https:\/\/clairelitzler.com\/index.php?rest_route=\/wp\/v2\/types\/page"}],"author":[{"embeddable":true,"href":"https:\/\/clairelitzler.com\/index.php?rest_route=\/wp\/v2\/users\/1"}],"replies":[{"embeddable":true,"href":"https:\/\/clairelitzler.com\/index.php?rest_route=%2Fwp%2Fv2%2Fcomments&post=3"}],"version-history":[{"count":10,"href":"https:\/\/clairelitzler.com\/index.php?rest_route=\/wp\/v2\/pages\/3\/revisions"}],"predecessor-version":[{"id":24,"href":"https:\/\/clairelitzler.com\/index.php?rest_route=\/wp\/v2\/pages\/3\/revisions\/24"}],"wp:attachment":[{"href":"https:\/\/clairelitzler.com\/index.php?rest_route=%2Fwp%2Fv2%2Fmedia&parent=3"}],"curies":[{"name":"wp","href":"https:\/\/api.w.org\/{rel}","templated":true}]}}