{"id":241,"date":"2021-01-30T18:14:12","date_gmt":"2021-01-30T18:14:12","guid":{"rendered":"https:\/\/clairelitzler.com\/?page_id=241"},"modified":"2021-05-17T20:54:33","modified_gmt":"2021-05-17T20:54:33","slug":"biographie","status":"publish","type":"page","link":"https:\/\/clairelitzler.com\/?page_id=241","title":{"rendered":"Biographie"},"content":{"rendered":"\n<style type=\"text\/css\" data-created_by=\"avia_inline_auto\" id=\"style-css-av-kkk1b14c-fca07e148ec13e86b257f94a14e01066\">\n.avia-section.av-kkk1b14c-fca07e148ec13e86b257f94a14e01066 .av-extra-border-element .av-extra-border-inner{\nbackground-color:#ffffff;\n}\n<\/style>\n<div id='av_section_1'  class='avia-section av-kkk1b14c-fca07e148ec13e86b257f94a14e01066 alternate_color avia-section-default avia-no-border-styling  avia-builder-el-0  el_before_av_section  avia-builder-el-first  avia-bg-style-fixed av-arrow-down-section container_wrap sidebar_right'  ><div class='container av-section-cont-open' ><main  class='template-page content  av-content-small alpha units'><div class='post-entry post-entry-type-page post-entry-241'><div class='entry-content-wrapper clearfix'>\n\n<style type=\"text\/css\" data-created_by=\"avia_inline_auto\" id=\"style-css-av-kkyperv2-1781881b5c5c7af6ea8a12f7adfcadb0\">\n#top .av-special-heading.av-kkyperv2-1781881b5c5c7af6ea8a12f7adfcadb0{\npadding-bottom:30px;\n}\nbody .av-special-heading.av-kkyperv2-1781881b5c5c7af6ea8a12f7adfcadb0 .av-special-heading-tag .heading-char{\nfont-size:25px;\n}\n.av-special-heading.av-kkyperv2-1781881b5c5c7af6ea8a12f7adfcadb0 .av-subheading{\nfont-size:15px;\n}\n<\/style>\n<div  class='av-special-heading av-kkyperv2-1781881b5c5c7af6ea8a12f7adfcadb0 av-special-heading-h1 blockquote elegant-quote elegant-centered  avia-builder-el-1  el_before_av_textblock  avia-builder-el-first '><h1 class='av-special-heading-tag '  ><span class=\"heading-wrap\">Biographie<\/span><\/h1><div class=\"special-heading-border\"><div class=\"special-heading-inner-border\"><\/div><\/div><\/div>\n\n<style type=\"text\/css\" data-created_by=\"avia_inline_auto\" id=\"style-css-av-kkk0xu4b-0cdc311dd7a2f2de636b5a13533e0e95\">\n#top .av_textblock_section.av-kkk0xu4b-0cdc311dd7a2f2de636b5a13533e0e95 .avia_textblock{\ncolor:#595959;\n}\n<\/style>\n<section  class='av_textblock_section av-kkk0xu4b-0cdc311dd7a2f2de636b5a13533e0e95 '  ><div class='avia_textblock av_inherit_color' ><p>Percussionniste, n\u00e9e en 1990 \u00e0 Saint-Louis, Claire Litzler d\u00e9bute le piano au Conservatoire de Saint-Louis \u00e0 l\u2019\u00e2ge de 5 ans puis s\u2019int\u00e9resse rapidement \u00e0 la famille des percussions. A l\u2019\u00e2ge de 17 ans, elle int\u00e8gre le conservatoire de Strasbourg en percussions classiques et y obtient le dipl\u00f4me d\u2019\u00e9tudes musicales, le dipl\u00f4me national sup\u00e9rieur de musicien professionnel, le dipl\u00f4me d\u2019\u00c9tat de professeur de percussions et la licence de musicologie.<\/p>\n<p>Elle part alors continuer ses \u00e9tudes \u00e0 la Haute \u00c9cole des Arts de Bern, o\u00f9 elle obtient son Master en interpr\u00e9tation et p\u00e9dagogie musicale en juin 2017. Parall\u00e8lement, elle enseigne pendant plusieurs ann\u00e9es les percussions au Conservatoire de Saint-Louis avant d\u2019\u00eatre nomm\u00e9e en 2016 professeur de percussions \u00e0 la Musik-Akademie de B\u00e2le. Cette m\u00eame ann\u00e9e, elle cr\u00e9e son \u00e9cole priv\u00e9e de batterie &amp; percussions en Alsace.<\/p>\n<p>Elle joue r\u00e9guli\u00e8rement dans de grands orchestres professionnels (l\u2019orchestre philharmonique de Strasbourg, l\u2019Orchestre symphonique de B\u00e2le, l\u2019Orchestre symphonique de Mannheim) et a remport\u00e9 de nombreux prix nationaux et internationaux (en Belgique, en Italie et le Hit like a girl aux USA).<\/p>\n<p>En 2012 et en 2015, elle est invit\u00e9e \u00e0 jouer un concerto pour vibraphone en soliste avec l\u2019Orchestre Philharmonique de Strasbourg.<\/p>\n<p>Elle donne r\u00e9guli\u00e8rement des r\u00e9citals et des \u00ab master classes \u00bb dans le Monde entier : Ta\u00efwan, Portugal, USA, Hollande, Angleterre, Suisse, Allemagne\u2026<\/p>\n<p>Outre sa passion pour la p\u00e9dagogie et les percussions classiques, Claire chante en s\u2019accompagnant de son vibraphone. En 2019, elle participe \u00e0 l\u2019\u00e9mission \u00ab The Voice : la plus belle voix \u00bb sur TF1 et est retenue dans l\u2019\u00e9quipe de Julien Clerc. En 2020, elle sort son premier album vibraphone\/voix : \u00ab De l\u2019ombre \u00e0 la lumi\u00e8re \u00bb et participe \u00e0 l\u2019\u00e9mission \u00ab The Voice of Germany \u00bb o\u00f9 elle termine son parcours en quart de finale dans l\u2019\u00e9quipe de Mark Forster.<\/p>\n<p>Claire est une artiste <a href=\"https:\/\/www.adams-music.com\/l\/d\/?c=Claire+Litzler&amp;id=3DD1A96FC1D64D48A74AEB058C9E2A98&amp;lid=1036\" target=\"_blank\" rel=\"noopener\">Adams<\/a>, <a href=\"https:\/\/southernpercussion.com\/teacher-s-pack\/19845-claire-litzler-mallet-pack.html\" target=\"_blank\" rel=\"noopener\">Southern Percussion<\/a> et <a href=\"https:\/\/www.blackswamp.com\/claire-litzler\" target=\"_blank\" rel=\"noopener\">Black Swamp<\/a>.<\/p>\n<\/div><\/section>\n\n<\/div><\/div><\/main><!-- close content main element --><\/div><div class='av-extra-border-element border-extra-arrow-down'><div class='av-extra-border-outer'><div class='av-extra-border-inner'><\/div><\/div><\/div><\/div>\n<style type=\"text\/css\" data-created_by=\"avia_inline_auto\" id=\"style-css-av-kkqym1td-13e1866f3f4d1b20fee1789eeef4a4f0\">\n.avia-section.av-kkqym1td-13e1866f3f4d1b20fee1789eeef4a4f0 .av-parallax .av-parallax-inner{\nbackground-repeat:no-repeat;\nbackground-image:url(https:\/\/i0.wp.com\/clairelitzler.com\/wp-content\/uploads\/2021\/02\/Photo-7.jpg?fit=1920%2C1280&ssl=1);\nbackground-position:50% 0%;\nbackground-attachment:scroll;\n}\n.avia-section.av-kkqym1td-13e1866f3f4d1b20fee1789eeef4a4f0 .av-section-color-overlay{\nopacity:0.7;\nbackground-color:#ffffff;\nbackground-image:url(https:\/\/clairelitzler.com\/wp-content\/themes\/enfold\/images\/background-images\/dots-for-light-background.png);\nbackground-repeat:repeat;\n}\n<\/style>\n<div id='av_section_2'  class='avia-section av-kkqym1td-13e1866f3f4d1b20fee1789eeef4a4f0 main_color avia-section-default avia-no-border-styling  avia-builder-el-3  el_after_av_section  avia-builder-el-last  av-parallax-section avia-bg-style-parallax av-section-color-overlay-active av-minimum-height av-minimum-height-60 av-height-percent  container_wrap sidebar_right'  data-section-bg-repeat='no-repeat' data-av_minimum_height_pc='60' data-av_min_height_opt='percent'><div class='av-parallax' data-avia-parallax-ratio='0.3' ><div class='av-parallax-inner main_color avia-full-stretch'><\/div><\/div><div class=\"av-section-color-overlay-wrap\"><div class=\"av-section-color-overlay\"><\/div><div class='container av-section-cont-open' ><div class='template-page content  av-content-small alpha units'><div class='post-entry post-entry-type-page post-entry-241'><div class='entry-content-wrapper clearfix'>\n<div class='flex_column_table av-btmpt-6601c92b858b51cfcbc5478ad1a71039 sc-av_one_fourth av-equal-height-column-flextable'>\n<style type=\"text\/css\" data-created_by=\"avia_inline_auto\" id=\"style-css-av-btmpt-6601c92b858b51cfcbc5478ad1a71039\">\n@keyframes av_boxShadowEffect_av-btmpt-6601c92b858b51cfcbc5478ad1a71039-row {\n0%   { box-shadow:  0 0 0 0 ; opacity: 1; }\n100% { box-shadow:  0 0 10px 0 ; opacity: 1; }\n}\n.flex_column.av-btmpt-6601c92b858b51cfcbc5478ad1a71039{\nborder-radius:0px 0px 0px 0px;\npadding:0px 0px 0px 0px;\n}\n<\/style>\n<div  class='flex_column av-btmpt-6601c92b858b51cfcbc5478ad1a71039 av_one_fourth  avia-builder-el-4  el_before_av_one_fourth  avia-builder-el-first  first flex_column_table_cell av-equal-height-column av-align-middle av-zero-column-padding  '     ><style type=\"text\/css\" data-created_by=\"avia_inline_auto\" id=\"style-css-av-kkk1iwk2-2182de3d1dfbcdac5a6d8409ce5d0f87\">\n.avia-image-container.av-kkk1iwk2-2182de3d1dfbcdac5a6d8409ce5d0f87 img.avia_image{\nbox-shadow:none;\n}\n.avia-image-container.av-kkk1iwk2-2182de3d1dfbcdac5a6d8409ce5d0f87 .av-image-caption-overlay-center{\ncolor:#ffffff;\n}\n<\/style>\n<div  class='avia-image-container av-kkk1iwk2-2182de3d1dfbcdac5a6d8409ce5d0f87 av-styling- av-img-linked avia-align-center  avia-builder-el-5  avia-builder-el-no-sibling '  ><div class=\"avia-image-container-inner\"><div class=\"avia-image-overlay-wrap\"><a href=\"https:\/\/www.adams-music.com\/l\/d\/?c=Claire+Litzler&amp;id=3DD1A96FC1D64D48A74AEB058C9E2A98&amp;lid=1036\" class='avia_image '  target=\"_blank\"  rel=\"noopener noreferrer\" aria-label='adams'><img decoding=\"async\" fetchpriority=\"high\" class='wp-image-255 avia-img-lazy-loading-not-255 avia_image ' src=\"https:\/\/i0.wp.com\/clairelitzler.com\/wp-content\/uploads\/2021\/01\/adams-1.png?fit=615%2C232&ssl=1\" alt='' title='adams'  height=\"232\" width=\"615\" srcset=\"https:\/\/i0.wp.com\/clairelitzler.com\/wp-content\/uploads\/2021\/01\/adams-1.png?w=615&amp;ssl=1 615w, https:\/\/i0.wp.com\/clairelitzler.com\/wp-content\/uploads\/2021\/01\/adams-1.png?resize=600%2C226&amp;ssl=1 600w, https:\/\/i0.wp.com\/clairelitzler.com\/wp-content\/uploads\/2021\/01\/adams-1.png?resize=300%2C113&amp;ssl=1 300w\" sizes=\"(max-width: 615px) 100vw, 615px\" \/><\/a><\/div><\/div><\/div><\/div><div class='av-flex-placeholder'><\/div>\n<style type=\"text\/css\" data-created_by=\"avia_inline_auto\" id=\"style-css-av-lmgvl-cd9bbd33edb62a865ae8cc066ad9984c\">\n.flex_column.av-lmgvl-cd9bbd33edb62a865ae8cc066ad9984c{\nborder-radius:0px 0px 0px 0px;\npadding:0px 0px 0px 0px;\n}\n<\/style>\n<div  class='flex_column av-lmgvl-cd9bbd33edb62a865ae8cc066ad9984c av_one_fourth  avia-builder-el-6  el_after_av_one_fourth  el_before_av_one_fourth  flex_column_table_cell av-equal-height-column av-align-middle av-zero-column-padding  '     ><style type=\"text\/css\" data-created_by=\"avia_inline_auto\" id=\"style-css-av-kkk1k9bn-a39aa8fe737c3d99bef4b057138df721\">\n.avia-image-container.av-kkk1k9bn-a39aa8fe737c3d99bef4b057138df721 img.avia_image{\nbox-shadow:none;\n}\n.avia-image-container.av-kkk1k9bn-a39aa8fe737c3d99bef4b057138df721 .av-image-caption-overlay-center{\ncolor:#ffffff;\n}\n<\/style>\n<div  class='avia-image-container av-kkk1k9bn-a39aa8fe737c3d99bef4b057138df721 av-styling- av-img-linked avia-align-center  avia-builder-el-7  avia-builder-el-no-sibling '  ><div class=\"avia-image-container-inner\"><div class=\"avia-image-overlay-wrap\"><a href=\"https:\/\/www.blackswamp.com\/claire-litzler\" class='avia_image '  target=\"_blank\"  rel=\"noopener noreferrer\" aria-label='Black swamp percussion'><img decoding=\"async\" fetchpriority=\"high\" class='wp-image-256 avia-img-lazy-loading-not-256 avia_image ' src=\"https:\/\/i0.wp.com\/clairelitzler.com\/wp-content\/uploads\/2021\/01\/Black-swamp-percussion-1.png?fit=800%2C294&ssl=1\" alt='' title='Black swamp percussion'  height=\"294\" width=\"800\" srcset=\"https:\/\/i0.wp.com\/clairelitzler.com\/wp-content\/uploads\/2021\/01\/Black-swamp-percussion-1.png?w=800&amp;ssl=1 800w, https:\/\/i0.wp.com\/clairelitzler.com\/wp-content\/uploads\/2021\/01\/Black-swamp-percussion-1.png?resize=600%2C221&amp;ssl=1 600w, https:\/\/i0.wp.com\/clairelitzler.com\/wp-content\/uploads\/2021\/01\/Black-swamp-percussion-1.png?resize=300%2C110&amp;ssl=1 300w, https:\/\/i0.wp.com\/clairelitzler.com\/wp-content\/uploads\/2021\/01\/Black-swamp-percussion-1.png?resize=768%2C282&amp;ssl=1 768w, https:\/\/i0.wp.com\/clairelitzler.com\/wp-content\/uploads\/2021\/01\/Black-swamp-percussion-1.png?resize=705%2C259&amp;ssl=1 705w\" sizes=\"(max-width: 800px) 100vw, 800px\" \/><\/a><\/div><\/div><\/div><\/div><div class='av-flex-placeholder'><\/div>\n<style type=\"text\/css\" data-created_by=\"avia_inline_auto\" id=\"style-css-av-e41jd-cb76da92e0c83357b41a4ae7c4e4b453\">\n.flex_column.av-e41jd-cb76da92e0c83357b41a4ae7c4e4b453{\nborder-radius:0px 0px 0px 0px;\npadding:0px 0px 0px 0px;\n}\n<\/style>\n<div  class='flex_column av-e41jd-cb76da92e0c83357b41a4ae7c4e4b453 av_one_fourth  avia-builder-el-8  el_after_av_one_fourth  el_before_av_one_fourth  flex_column_table_cell av-equal-height-column av-align-middle av-zero-column-padding  '     ><style type=\"text\/css\" data-created_by=\"avia_inline_auto\" id=\"style-css-av-kkk1nxmj-571d9b297904201712cedc9871f0cd16\">\n.avia-image-container.av-kkk1nxmj-571d9b297904201712cedc9871f0cd16 img.avia_image{\nbox-shadow:none;\n}\n.avia-image-container.av-kkk1nxmj-571d9b297904201712cedc9871f0cd16 .av-image-caption-overlay-center{\ncolor:#ffffff;\n}\n<\/style>\n<div  class='avia-image-container av-kkk1nxmj-571d9b297904201712cedc9871f0cd16 av-styling- av-img-linked avia-align-center  avia-builder-el-9  avia-builder-el-no-sibling '  ><div class=\"avia-image-container-inner\"><div class=\"avia-image-overlay-wrap\"><a href=\"https:\/\/southernpercussion.com\/teacher-s-pack\/19845-claire-litzler-mallet-pack.html\" class='avia_image '  target=\"_blank\"  rel=\"noopener noreferrer\" aria-label='Southern percussion'><img decoding=\"async\" fetchpriority=\"high\" class='wp-image-258 avia-img-lazy-loading-not-258 avia_image ' src=\"https:\/\/i0.wp.com\/clairelitzler.com\/wp-content\/uploads\/2021\/01\/Southern-percussion-1.png?fit=559%2C128&ssl=1\" alt='' title='Southern percussion'  height=\"128\" width=\"559\" srcset=\"https:\/\/i0.wp.com\/clairelitzler.com\/wp-content\/uploads\/2021\/01\/Southern-percussion-1.png?w=559&amp;ssl=1 559w, https:\/\/i0.wp.com\/clairelitzler.com\/wp-content\/uploads\/2021\/01\/Southern-percussion-1.png?resize=300%2C69&amp;ssl=1 300w\" sizes=\"(max-width: 559px) 100vw, 559px\" \/><\/a><\/div><\/div><\/div><\/div><div class='av-flex-placeholder'><\/div>\n<style type=\"text\/css\" data-created_by=\"avia_inline_auto\" id=\"style-css-av-7i3y9-7cd5ac21fb8b9d4970000def97701469\">\n.flex_column.av-7i3y9-7cd5ac21fb8b9d4970000def97701469{\nborder-radius:0px 0px 0px 0px;\npadding:0px 0px 0px 0px;\n}\n<\/style>\n<div  class='flex_column av-7i3y9-7cd5ac21fb8b9d4970000def97701469 av_one_fourth  avia-builder-el-10  el_after_av_one_fourth  avia-builder-el-last  flex_column_table_cell av-equal-height-column av-align-middle av-zero-column-padding  '     ><style type=\"text\/css\" data-created_by=\"avia_inline_auto\" id=\"style-css-av-kkx0tqac-3f005cda9f5f3ace5b119cda9c14c105\">\n.avia-image-container.av-kkx0tqac-3f005cda9f5f3ace5b119cda9c14c105 img.avia_image{\nbox-shadow:none;\n}\n.avia-image-container.av-kkx0tqac-3f005cda9f5f3ace5b119cda9c14c105 .av-image-caption-overlay-center{\ncolor:#ffffff;\n}\n<\/style>\n<div  class='avia-image-container av-kkx0tqac-3f005cda9f5f3ace5b119cda9c14c105 av-styling- av-img-linked avia-align-center  avia-builder-el-11  avia-builder-el-no-sibling '  ><div class=\"avia-image-container-inner\"><div class=\"avia-image-overlay-wrap\"><a href=\"http:\/\/www.artscenechantson.fr\/conseils-groupe\/\" class='avia_image '  target=\"_blank\"  rel=\"noopener noreferrer\" aria-label='logo art'><img decoding=\"async\" fetchpriority=\"high\" class='wp-image-679 avia-img-lazy-loading-not-679 avia_image ' src=\"https:\/\/i0.wp.com\/clairelitzler.com\/wp-content\/uploads\/2021\/02\/logo-art.jpg?fit=281%2C122&ssl=1\" alt='' title='logo art'  height=\"122\" width=\"281\"  \/><\/a><\/div><\/div><\/div><\/div><\/div><!--close column table wrapper. Autoclose: 1 --><\/div><\/div><\/div><!-- close content main div --><\/div><\/div><\/div><div id='after_section_2'  class='main_color av_default_container_wrap container_wrap sidebar_right'  ><div class='container av-section-cont-open' ><div class='template-page content  av-content-small alpha units'><div class='post-entry post-entry-type-page post-entry-241'><div class='entry-content-wrapper clearfix'>\n","protected":false},"excerpt":{"rendered":"","protected":false},"author":1,"featured_media":0,"parent":0,"menu_order":0,"comment_status":"closed","ping_status":"closed","template":"","meta":{"footnotes":""},"class_list":["post-241","page","type-page","status-publish","hentry"],"jetpack_sharing_enabled":true,"_links":{"self":[{"href":"https:\/\/clairelitzler.com\/index.php?rest_route=\/wp\/v2\/pages\/241","targetHints":{"allow":["GET"]}}],"collection":[{"href":"https:\/\/clairelitzler.com\/index.php?rest_route=\/wp\/v2\/pages"}],"about":[{"href":"https:\/\/clairelitzler.com\/index.php?rest_route=\/wp\/v2\/types\/page"}],"author":[{"embeddable":true,"href":"https:\/\/clairelitzler.com\/index.php?rest_route=\/wp\/v2\/users\/1"}],"replies":[{"embeddable":true,"href":"https:\/\/clairelitzler.com\/index.php?rest_route=%2Fwp%2Fv2%2Fcomments&post=241"}],"version-history":[{"count":109,"href":"https:\/\/clairelitzler.com\/index.php?rest_route=\/wp\/v2\/pages\/241\/revisions"}],"predecessor-version":[{"id":1097,"href":"https:\/\/clairelitzler.com\/index.php?rest_route=\/wp\/v2\/pages\/241\/revisions\/1097"}],"wp:attachment":[{"href":"https:\/\/clairelitzler.com\/index.php?rest_route=%2Fwp%2Fv2%2Fmedia&parent=241"}],"curies":[{"name":"wp","href":"https:\/\/api.w.org\/{rel}","templated":true}]}}